{"id":2866,"date":"2024-04-03T05:30:22","date_gmt":"2024-04-03T05:30:22","guid":{"rendered":"https:\/\/partnerprimehub.com\/index.php\/product\/sol-de-janeiro-brazilian-bum-bum-cream\/"},"modified":"2024-04-03T05:30:22","modified_gmt":"2024-04-03T05:30:22","slug":"sol-de-janeiro-brazilian-bum-bum-cream","status":"publish","type":"product","link":"https:\/\/partnerprimehub.com\/index.php\/product\/sol-de-janeiro-brazilian-bum-bum-cream\/","title":{"rendered":"SOL DE JANEIRO Brazilian Bum Bum Cream"},"content":{"rendered":"<p><br \/>\nPrice: <span style=\"color:#b12704\">$22.00<\/span><br \/><i><small>(as of Apr 03, 2024 05:30:22 UTC &#8211; <span class=\"wp_automatic_amazon_disclaimer\" title=\"Product prices and availability are accurate as of the date\/time indicated and are subject to change. Any price and availability information displayed on [relevant Amazon Site(s), as applicable] at the time of purchase will apply to the purchase of this product.\">Details<\/span>)<\/small><\/i><\/p>\n<p><a href=\"https:\/\/amazon.com\/dp\/B01EXQ582Q?tag=partnerprimeh-20\"><img decoding=\"async\" src=\"https:\/\/valvepress.s3.amazonaws.com\/imgs\/buy_now.png\"><\/a><br \/>\n<\/p>\n<p>         Product Description                                     <\/p>\n<p>                                          <img decoding=\"async\" alt=\"Sol de Janeiro logo\" src=\"https:\/\/images-na.ssl-images-amazon.com\/images\/G\/01\/x-locale\/common\/grey-pixel.gif\" class=\"a-lazy-loaded\" data-src=\"https:\/\/m.media-amazon.com\/images\/S\/aplus-media-library-service-media\/ef31f7ae-e29f-4974-a2c0-bbdd8e015210.__CR0,0,970,300_PT0_SX970_V1___.jpg\"><img decoding=\"async\" alt=\"Sol de Janeiro logo\" src=\"https:\/\/m.media-amazon.com\/images\/S\/aplus-media-library-service-media\/ef31f7ae-e29f-4974-a2c0-bbdd8e015210.__CR0,0,970,300_PT0_SX970_V1___.jpg\">   <\/p>\n<p>                                                                    <img decoding=\"async\" alt=\"Award-winning Brazilian Bum Bum Cream\" src=\"https:\/\/images-na.ssl-images-amazon.com\/images\/G\/01\/x-locale\/common\/grey-pixel.gif\" class=\"a-spacing-base a-lazy-loaded\" data-src=\"https:\/\/m.media-amazon.com\/images\/S\/aplus-media-library-service-media\/74a1020b-3dc0-4ab8-86f4-4d687b179df7.__CR0,0,970,600_PT0_SX970_V1___.jpg\"><img decoding=\"async\" alt=\"Award-winning Brazilian Bum Bum Cream\" src=\"https:\/\/m.media-amazon.com\/images\/S\/aplus-media-library-service-media\/74a1020b-3dc0-4ab8-86f4-4d687b179df7.__CR0,0,970,600_PT0_SX970_V1___.jpg\">                                                                    <\/p>\n<p>                                          <img decoding=\"async\" alt=\"Deliciously scented with our iconic Cheirosa 62 Fragrance\" src=\"https:\/\/images-na.ssl-images-amazon.com\/images\/G\/01\/x-locale\/common\/grey-pixel.gif\" class=\"a-lazy-loaded\" data-src=\"https:\/\/m.media-amazon.com\/images\/S\/aplus-media-library-service-media\/f5e7a092-f07c-4db4-a3a1-b315d71d9cb6.__CR0,0,970,300_PT0_SX970_V1___.jpg\"><img decoding=\"async\" alt=\"Deliciously scented with our iconic Cheirosa 62 Fragrance\" src=\"https:\/\/m.media-amazon.com\/images\/S\/aplus-media-library-service-media\/f5e7a092-f07c-4db4-a3a1-b315d71d9cb6.__CR0,0,970,300_PT0_SX970_V1___.jpg\">   <\/p>\n<p>                                                                    <img decoding=\"async\" alt=\"Made with guarana, cupuacu butter, coconut oil, acai oil\" src=\"https:\/\/images-na.ssl-images-amazon.com\/images\/G\/01\/x-locale\/common\/grey-pixel.gif\" class=\"a-spacing-base a-lazy-loaded\" data-src=\"https:\/\/m.media-amazon.com\/images\/S\/aplus-media-library-service-media\/4d9803e9-9094-4637-bc33-6b8ef7c57e1e.__CR0,0,970,600_PT0_SX970_V1___.jpg\"><img decoding=\"async\" alt=\"Made with guarana, cupuacu butter, coconut oil, acai oil\" src=\"https:\/\/m.media-amazon.com\/images\/S\/aplus-media-library-service-media\/4d9803e9-9094-4637-bc33-6b8ef7c57e1e.__CR0,0,970,600_PT0_SX970_V1___.jpg\">                                                                    <\/p>\n<p>                 Add to Cart  <\/p>\n<p>                 Add to Cart  <\/p>\n<p>                             Customer Reviews  <\/p>\n<p>                    4.6 out of 5 stars<br \/>\n                45,286<\/p>\n<p>                    4.7 out of 5 stars<br \/>\n                1,739<\/p>\n<p>                \u2014                              <\/p>\n<p>                \u2014                              <\/p>\n<p>                \u2014            <\/p>\n<p>                             Price  <\/p>\n<p>                                          $48.00$48.00     <\/p>\n<p>                                          $42.00$42.00     <\/p>\n<p>                                            \u2014    <\/p>\n<p>                                            \u2014    <\/p>\n<p>                                            \u2014    <\/p>\n<p>                             Cheirosa &#8217;62  <\/p>\n<p>                                              \u2713<\/p>\n<p>                                              \u2713<\/p>\n<p>                                              \u2713<\/p>\n<p>                                              \u2713<\/p>\n<p>                                              \u2713<\/p>\n<p>                             What is it?<br \/>\n                                This Allure Reader&#8217;s Choice award winning all-over Brazilian Bum Bum cream is a fan favorite and must have for smooth, moisturized, delicious skin.               Ultra-fine body scrub and spa-worthy treat gently exfoliates and nourishes with a microbead-free blend for the soft, summer-ready skin we love all year round.               This sulfate-free moisturizing shower cream-gel powered with Brazilian extracts will cleanse and nourish skin.              Inspired by the addictive scent of our Brazilian Bum Bum Cream, Brazilian Crush Fragrance Mist is intoxicating and can be used on body, hair, and lingerie.               Our mighty hair mask combines a medley of Brazilian butters &#8211; Cupua\u00e7u, Murumuru, and Tucum\u00e3 &#8211; for intensive hydration, deep nourishment, and increased resistance to hair breakage.          <\/p>\n<p>                             Benefits<br \/>\n                                Deliciously scented and fast-absorbing, this body cream helps smooth and visibly tighten the appearance of skin.               This body smoothing blend of crushed cupua\u00e7u seeds, sugar crystals, caffeine-rich guaran\u00e1 and nourishing coconut oil will leave skin smooth and soft.               A blend of Cupuacu Butter, Coconut Oil, and A\u00e7ai Oil nourish and pamper every inch of your skin. Coconut Oil moisturizes and softens skin while A\u00e7ai Oil bathes it in anti-oxidants.              Irresistible and sunny. Iconic Sol de Janeiro perfume mist feels like summer all year round. Delicious gourmand notes meet the subtle sophistication of sandalwood.               This concentrated formula includes our proprietary SOL Seal Technology to build amazing hair strength, repair split ends, and prevent future damage.          <\/p>\n<p>                                          <img decoding=\"async\" alt=\"Sol de Janeiro Sustainability\" src=\"https:\/\/images-na.ssl-images-amazon.com\/images\/G\/01\/x-locale\/common\/grey-pixel.gif\" class=\"a-lazy-loaded\" data-src=\"https:\/\/m.media-amazon.com\/images\/S\/aplus-media-library-service-media\/dfb5cab6-a34d-43a0-b320-1c6e233e20dc.__CR0,0,970,300_PT0_SX970_V1___.jpg\"><img decoding=\"async\" alt=\"Sol de Janeiro Sustainability\" src=\"https:\/\/m.media-amazon.com\/images\/S\/aplus-media-library-service-media\/dfb5cab6-a34d-43a0-b320-1c6e233e20dc.__CR0,0,970,300_PT0_SX970_V1___.jpg\">   <\/p>\n<p> Is Discontinued By Manufacturer                                    \u200f                                        :                                    \u200e                                 No <br \/> Language                                    \u200f                                        :                                    \u200e                                 English <br \/> Product Dimensions                                    \u200f                                        :                                    \u200e                                 2.6 x 2.6 x 2.17 inches; 2.82 ounces <br \/> Item model number                                    \u200f                                        :                                    \u200e                                 0500MINI <br \/> UPC                                    \u200f                                        :                                    \u200e                                 851604006055 810912032040 696213487457 794168172364 <br \/> Manufacturer                                    \u200f                                        :                                    \u200e                                 Sol de Janeiro <br \/> ASIN                                    \u200f                                        :                                    \u200e                                 B01EXQ582Q <\/p>\n\n","protected":false},"excerpt":{"rendered":"<p>\n         Product Description                                     <\/p>\n<p>                                          <img decoding=\"async\" alt=\"Sol de Janeiro logo\" src=\"https:\/\/images-na.ssl-images-amazon.com\/images\/G\/01\/x-locale\/common\/grey-pixel.gif\" class=\"a-lazy-loaded\" data-src=\"https:\/\/m.media-amazon.com\/images\/S\/aplus-media-library-service-media\/ef31f7ae-e29f-4974-a2c0-bbdd8e015210.__CR0,0,970,300_PT0_SX970_V1___.jpg\"><img decoding=\"async\" alt=\"Sol de Janeiro logo\" src=\"https:\/\/m.media-amazon.com\/images\/S\/aplus-media-library-service-media\/ef31f7ae-e29f-4974-a2c0-bbdd8e015210.__CR0,0,970,300_PT0_SX970_V1___.jpg\">   <\/p>\n<p>                                                                    <img decoding=\"async\" alt=\"Award-winning Brazilian Bum Bum Cream\" src=\"https:\/\/images-na.ssl-images-amazon.com\/images\/G\/01\/x-locale\/common\/grey-pixel.gif\" class=\"a-spacing-base a-lazy-loaded\" data-src=\"https:\/\/m.media-amazon.com\/images\/S\/aplus-media-library-service-media\/74a1020b-3dc0-4ab8-86f4-4d687b179df7.__CR0,0,970,600_PT0_SX970_V1___.jpg\"><img decoding=\"async\" alt=\"Award-winning Brazilian Bum Bum Cream\" src=\"https:\/\/m.media-amazon.com\/images\/S\/aplus-media-library-service-media\/74a1020b-3dc0-4ab8-86f4-4d687b179df7.__CR0,0,970,600_PT0_SX970_V1___.jpg\">                                                                    <\/p>\n<p>                                          <img decoding=\"async\" alt=\"Deliciously scented with our iconic Cheirosa 62 Fragrance\" src=\"https:\/\/images-na.ssl-images-amazon.com\/images\/G\/01\/x-locale\/common\/grey-pixel.gif\" class=\"a-lazy-loaded\" data-src=\"https:\/\/m.media-amazon.com\/images\/S\/aplus-media-library-service-media\/f5e7a092-f07c-4db4-a3a1-b315d71d9cb6.__CR0,0,970,300_PT0_SX970_V1___.jpg\"><img decoding=\"async\" alt=\"Deliciously scented with our iconic Cheirosa 62 Fragrance\" src=\"https:\/\/m.media-amazon.com\/images\/S\/aplus-media-library-service-media\/f5e7a092-f07c-4db4-a3a1-b315d71d9cb6.__CR0,0,970,300_PT0_SX970_V1___.jpg\">   <\/p>\n<p>                                                                    <img decoding=\"async\" alt=\"Made with guarana, cupuacu butter, coconut oil, acai oil\" src=\"https:\/\/images-na.ssl-images-amazon.com\/images\/G\/01\/x-locale\/common\/grey-pixel.gif\" class=\"a-spacing-base a-lazy-loaded\" data-src=\"https:\/\/m.media-amazon.com\/images\/S\/aplus-media-library-service-media\/4d9803e9-9094-4637-bc33-6b8ef7c57e1e.__CR0,0,970,600_PT0_SX970_V1___.jpg\"><img decoding=\"async\" alt=\"Made with guarana, cupuacu butter, coconut oil, acai oil\" src=\"https:\/\/m.media-amazon.com\/images\/S\/aplus-media-library-service-media\/4d9803e9-9094-4637-bc33-6b8ef7c57e1e.__CR0,0,970,600_PT0_SX970_V1___.jpg\">                                                                    <\/p>\n<p>                 Add to Cart  <\/p>\n<p>                 Add to Cart  <\/p>\n<p>                             Customer Reviews  <\/p>\n<p>                    4.6 out of 5 stars<br \/>\n                45,286<\/p>\n<p>                    4.7 out of 5 stars<br \/>\n                1,739<\/p>\n<p>                \u2014                              <\/p>\n<p>                \u2014                              <\/p>\n<p>                \u2014            <\/p>\n<p>                             Price  <\/p>\n<p>                                          $48.00$48.00     <\/p>\n<p>                                          $42.00$42.00     <\/p>\n<p>                                            \u2014    <\/p>\n<p>                                            \u2014    <\/p>\n<p>                                            \u2014    <\/p>\n<p>                             Cheirosa &#8217;62  <\/p>\n<p>                                              \u2713<\/p>\n<p>                                              \u2713<\/p>\n<p>                                              \u2713<\/p>\n<p>                                              \u2713<\/p>\n<p>                                              \u2713<\/p>\n<p>                             What is it?<br \/>\n                                This Allure Reader&#8217;s Choice award winning all-over Brazilian Bum Bum cream is a fan favorite and must have for smooth, moisturized, delicious skin.               Ultra-fine body scrub and spa-worthy treat gently exfoliates and nourishes with a microbead-free blend for the soft, summer-ready skin we love all year round.               This sulfate-free moisturizing shower cream-gel powered with Brazilian extracts will cleanse and nourish skin.              Inspired by the addictive scent of our Brazilian Bum Bum Cream, Brazilian Crush Fragrance Mist is intoxicating and can be used on body, hair, and lingerie.               Our mighty hair mask combines a medley of Brazilian butters &#8211; Cupua\u00e7u, Murumuru, and Tucum\u00e3 &#8211; for intensive hydration, deep nourishment, and increased resistance to hair breakage.          <\/p>\n<p>                             Benefits<br \/>\n                                Deliciously scented and fast-absorbing, this body cream helps smooth and visibly tighten the appearance of skin.               This body smoothing blend of crushed cupua\u00e7u seeds, sugar crystals, caffeine-rich guaran\u00e1 and nourishing coconut oil will leave skin smooth and soft.               A blend of Cupuacu Butter, Coconut Oil, and A\u00e7ai Oil nourish and pamper every inch of your skin. Coconut Oil moisturizes and softens skin while A\u00e7ai Oil bathes it in anti-oxidants.              Irresistible and sunny. Iconic Sol de Janeiro perfume mist feels like summer all year round. Delicious gourmand notes meet the subtle sophistication of sandalwood.               This concentrated formula includes our proprietary SOL Seal Technology to build amazing hair strength, repair split ends, and prevent future damage.          <\/p>\n<p>                                          <img decoding=\"async\" alt=\"Sol de Janeiro Sustainability\" src=\"https:\/\/images-na.ssl-images-amazon.com\/images\/G\/01\/x-locale\/common\/grey-pixel.gif\" class=\"a-lazy-loaded\" data-src=\"https:\/\/m.media-amazon.com\/images\/S\/aplus-media-library-service-media\/dfb5cab6-a34d-43a0-b320-1c6e233e20dc.__CR0,0,970,300_PT0_SX970_V1___.jpg\"><img decoding=\"async\" alt=\"Sol de Janeiro Sustainability\" src=\"https:\/\/m.media-amazon.com\/images\/S\/aplus-media-library-service-media\/dfb5cab6-a34d-43a0-b320-1c6e233e20dc.__CR0,0,970,300_PT0_SX970_V1___.jpg\">   <\/p>\n<p> Is Discontinued By Manufacturer                                    \u200f                                        :                                    \u200e                                 No <br \/> Language                                    \u200f                                        :                                    \u200e                                 English <br \/> Product Dimensions                                    \u200f                                        :                                    \u200e                                 2.6 x 2.6 x 2.17 inches; 2.82 ounces <br \/> Item model number                                    \u200f                                        :                                    \u200e                                 0500MINI <br \/> UPC                                    \u200f                                        :                                    \u200e                                 851604006055 810912032040 696213487457 794168172364 <br \/> Manufacturer                                    \u200f                                        :                                    \u200e                                 Sol de Janeiro <br \/> ASIN                                    \u200f                                        :                                    \u200e                                 B01EXQ582Q <\/p>\n","protected":false},"featured_media":2867,"comment_status":"open","ping_status":"closed","template":"","meta":{"_gspb_post_css":""},"store":[],"product_cat":[53],"product_tag":[54],"_links":{"self":[{"href":"https:\/\/partnerprimehub.com\/index.php\/wp-json\/wp\/v2\/product\/2866"}],"collection":[{"href":"https:\/\/partnerprimehub.com\/index.php\/wp-json\/wp\/v2\/product"}],"about":[{"href":"https:\/\/partnerprimehub.com\/index.php\/wp-json\/wp\/v2\/types\/product"}],"replies":[{"embeddable":true,"href":"https:\/\/partnerprimehub.com\/index.php\/wp-json\/wp\/v2\/comments?post=2866"}],"wp:featuredmedia":[{"embeddable":true,"href":"https:\/\/partnerprimehub.com\/index.php\/wp-json\/wp\/v2\/media\/2867"}],"wp:attachment":[{"href":"https:\/\/partnerprimehub.com\/index.php\/wp-json\/wp\/v2\/media?parent=2866"}],"wp:term":[{"taxonomy":"store","embeddable":true,"href":"https:\/\/partnerprimehub.com\/index.php\/wp-json\/wp\/v2\/store?post=2866"},{"taxonomy":"product_cat","embeddable":true,"href":"https:\/\/partnerprimehub.com\/index.php\/wp-json\/wp\/v2\/product_cat?post=2866"},{"taxonomy":"product_tag","embeddable":true,"href":"https:\/\/partnerprimehub.com\/index.php\/wp-json\/wp\/v2\/product_tag?post=2866"}],"curies":[{"name":"wp","href":"https:\/\/api.w.org\/{rel}","templated":true}]}}